{"id":1006,"date":"2017-06-24T20:07:37","date_gmt":"2017-06-24T18:07:37","guid":{"rendered":"http:\/\/sv-turm-kamp-lintfort.com\/?page_id=1006"},"modified":"2017-06-24T20:07:37","modified_gmt":"2017-06-24T18:07:37","slug":"fan-nachrichten","status":"publish","type":"page","link":"https:\/\/sv-turm-kamp-lintfort.com\/?page_id=1006","title":{"rendered":"G\u00e4stebuch"},"content":{"rendered":"\t\t<div data-elementor-type=\"wp-page\" data-elementor-id=\"1006\" class=\"elementor elementor-1006\">\n\t\t\t\t\t\t<section class=\"elementor-section elementor-top-section elementor-element elementor-element-c972857 elementor-section-content-middle elementor-section-boxed elementor-section-height-default elementor-section-height-default\" data-id=\"c972857\" data-element_type=\"section\" data-e-type=\"section\" data-settings=\"{&quot;background_background&quot;:&quot;gradient&quot;}\">\n\t\t\t\t\t\t\t<div class=\"elementor-background-overlay\"><\/div>\n\t\t\t\t\t\t\t<div class=\"elementor-container elementor-column-gap-default\">\n\t\t\t\t\t<div class=\"elementor-column elementor-col-100 elementor-top-column elementor-element elementor-element-85a63d4\" data-id=\"85a63d4\" data-element_type=\"column\" data-e-type=\"column\">\n\t\t\t<div class=\"elementor-widget-wrap elementor-element-populated\">\n\t\t\t\t\t\t<div class=\"elementor-element elementor-element-23e358d elementor-widget elementor-widget-heading\" data-id=\"23e358d\" data-element_type=\"widget\" data-e-type=\"widget\" data-widget_type=\"heading.default\">\n\t\t\t\t\t<h1 class=\"elementor-heading-title elementor-size-default\">G\u00e4stebuch<\/h1>\t\t\t\t<\/div>\n\t\t\t\t\t<\/div>\n\t\t<\/div>\n\t\t\t\t\t<\/div>\n\t\t<\/section>\n\t\t\t\t<section class=\"elementor-section elementor-top-section elementor-element elementor-element-5d352ac3 elementor-section-boxed elementor-section-height-default elementor-section-height-default\" data-id=\"5d352ac3\" data-element_type=\"section\" data-e-type=\"section\" data-settings=\"{&quot;background_background&quot;:&quot;classic&quot;}\">\n\t\t\t\t\t\t<div class=\"elementor-container elementor-column-gap-default\">\n\t\t\t\t\t<div class=\"elementor-column elementor-col-100 elementor-top-column elementor-element elementor-element-19ad10ae\" data-id=\"19ad10ae\" data-element_type=\"column\" data-e-type=\"column\">\n\t\t\t<div class=\"elementor-widget-wrap elementor-element-populated\">\n\t\t\t\t\t\t<div class=\"elementor-element elementor-element-45f88c1b elementor-widget elementor-widget-text-editor\" data-id=\"45f88c1b\" data-element_type=\"widget\" data-e-type=\"widget\" data-widget_type=\"text-editor.default\">\n\t\t\t\t\t\t\t\t\t<p><span style=\"font-size: 12pt; color: #ffffff;\">Besucher und Fans des Vereins k\u00f6nnen hier mal was loswerden!<\/span><\/p><p><div class=\"gwolle-gb\"><div class=\"gwolle-gb-messages-top-container\"><\/div>\n\t\t\t<div class=\"gwolle-gb-write-button\">\n\t\t\t\t<input type=\"button\" name=\"gwolle-gb-write-button\" class=\"button btn btn-default \" value=\"Neuen Eintrag schreiben\" aria-expanded=\"false\" \/>\n\t\t\t<\/div>\n\t\t\t<form action=\"#\" method=\"POST\" class=\"gwolle-gb-write gwolle-gb-hide gwolle-gb-float gwolle-gb-form-ajax gwolle-gb-ajax gwolle-gb-not-logged-in\">\n\t\t\t\t<h3>Einen neuen Eintrag f\u00fcr das G\u00e4stebuch schreiben<\/h3>\n\t\t\t\t<button type=\"button\" class=\"gb-notice-dismiss\">x<span class=\"screen-reader-text\">Dieses Formular ausblenden<\/span><\/button>\n\t\t\t\n\t\t\t\t<input type=\"hidden\" name=\"gwolle_gb_function\" class=\"gwolle_gb_function\" value=\"add_entry\" \/><input type=\"hidden\" name=\"gwolle_gb_book_id\" class=\"gwolle_gb_book_id\" value=\"1\" \/><div class=\"gwolle_gb_25f8621397dfdd1025090a36b53e532a\">\n\t\t\t\t<div class=\"label\"><label for=\"gwolle_gb_25f8621397dfdd1025090a36b53e532a-1\" class=\"text-info\">Name <span class=\"required\">*<\/span><\/label><\/div>\n\t\t\t\t<div class=\"input\"><input class=\"wp-exclude-emoji gwolle_gb_25f8621397dfdd1025090a36b53e532a\" value=\"\" type=\"text\" id=\"gwolle_gb_25f8621397dfdd1025090a36b53e532a-1\" name=\"gwolle_gb_25f8621397dfdd1025090a36b53e532a\" required \/><\/div>\n\t\t\t\t<div class=\"clearBoth\">&nbsp;<\/div>\n\t\t\t<\/div><div class=\"gwolle_gb_dc0cfe2bc8e2e1e16a2b5f8c37f6cb2e\">\n\t\t\t\t\t<div class=\"label\"><label for=\"gwolle_gb_dc0cfe2bc8e2e1e16a2b5f8c37f6cb2e-1\" class=\"text-info\">Stadt<\/label><\/div>\n\t\t\t\t\t<div class=\"input\"><input class=\"wp-exclude-emoji gwolle_gb_dc0cfe2bc8e2e1e16a2b5f8c37f6cb2e\" value=\"\" type=\"text\" id=\"gwolle_gb_dc0cfe2bc8e2e1e16a2b5f8c37f6cb2e-1\" name=\"gwolle_gb_dc0cfe2bc8e2e1e16a2b5f8c37f6cb2e\" \/><\/div>\n\t\t\t\t\t<div class=\"clearBoth\">&nbsp;<\/div>\n\t\t\t\t<\/div><div class=\"gwolle_gb_7970574994dc58ae6c381aa3fb156dcf\">\n\t\t\t\t<div class=\"label\"><label for=\"gwolle_gb_7970574994dc58ae6c381aa3fb156dcf-1\" class=\"text-info\">E-Mail <span class=\"required\">*<\/span><\/label><\/div>\n\t\t\t\t<div class=\"input\"><input class=\"gwolle_gb_7970574994dc58ae6c381aa3fb156dcf\" value=\"\" type=\"email\" id=\"gwolle_gb_7970574994dc58ae6c381aa3fb156dcf-1\" name=\"gwolle_gb_7970574994dc58ae6c381aa3fb156dcf\" required \/><\/div>\n\t\t\t\t<div class=\"clearBoth\">&nbsp;<\/div>\n\t\t\t<\/div><div class=\"gwolle_gb_b0a67d161bf7acade40be253216da9bc\">\n\t\t\t\t<div class=\"label\"><label for=\"gwolle_gb_b0a67d161bf7acade40be253216da9bc-1\" class=\"text-info\">Website<\/label><\/div>\n\t\t\t\t<div class=\"input\"><input class=\"gwolle_gb_b0a67d161bf7acade40be253216da9bc\" value=\"\" type=\"url\" id=\"gwolle_gb_b0a67d161bf7acade40be253216da9bc-1\" name=\"gwolle_gb_b0a67d161bf7acade40be253216da9bc\" \/><\/div>\n\t\t\t\t<div class=\"clearBoth\">&nbsp;<\/div>\n\t\t\t<\/div>\n\t\t\t<div class=\"gwolle_gb_ef536a2d6ccd11e0e885021ae31cb911\" style=\"display:none;overflow:hidden;\" hidden=\"true\" aria-hidden=\"true\">\n\t\t\t\t<div class=\"label\">\n\t\t\t\t\t<label for=\"gwolle_gb_ef536a2d6ccd11e0e885021ae31cb911-1\" class=\"text-primary\">Hier nichts eingeben<\/label>\n\t\t\t\t\t<label for=\"gwolle_gb_82312acd258662b6a88bf6c584bfaca8-1\" class=\"text-primary\">Hier nichts eingeben<\/label>\n\t\t\t\t<\/div>\n\t\t\t\t<div class=\"input\">\n\t\t\t\t\t<input value=\"34\" type=\"text\" id=\"gwolle_gb_ef536a2d6ccd11e0e885021ae31cb911-1\" name=\"gwolle_gb_ef536a2d6ccd11e0e885021ae31cb911\" class=\"gwolle_gb_ef536a2d6ccd11e0e885021ae31cb911\" style=\"transform: translateY(10000px);\" \/>\n\t\t\t\t\t<input value=\"\" type=\"text\" name=\"gwolle_gb_82312acd258662b6a88bf6c584bfaca8\" id=\"gwolle_gb_82312acd258662b6a88bf6c584bfaca8-1\" class=\"gwolle_gb_82312acd258662b6a88bf6c584bfaca8\" style=\"transform: translateY(10000px);\" \/>\n\t\t\t\t<\/div>\n\t\t\t\t<div class=\"clearBoth\"><\/div>\n\t\t\t<\/div>\n\t\t\t<div class=\"gwolle_gb_30ef1727f34f1eb7582275de639c2f32\" style=\"display:none;overflow:hidden;\" hidden=\"true\" aria-hidden=\"true\">\n\t\t\t\t<div class=\"label\">\n\t\t\t\t\t<label for=\"gwolle_gb_30ef1727f34f1eb7582275de639c2f32-1\" class=\"text-primary\">Hier nichts eingeben<\/label>\n\t\t\t\t\t<label for=\"gwolle_gb_fa9304bc50e5da2e3217b71f6c11a248-1\" class=\"text-primary\">Hier nichts eingeben<\/label>\n\t\t\t\t<\/div>\n\t\t\t\t<div class=\"input\">\n\t\t\t\t\t<input value=\"80453\" type=\"text\" id=\"gwolle_gb_30ef1727f34f1eb7582275de639c2f32-1\" name=\"gwolle_gb_30ef1727f34f1eb7582275de639c2f32\" class=\"gwolle_gb_30ef1727f34f1eb7582275de639c2f32\" style=\"transform: translateY(10000px);\" \/>\n\t\t\t\t\t<input value=\"80453\" type=\"text\"id=\"gwolle_gb_fa9304bc50e5da2e3217b71f6c11a248-1\" name=\"gwolle_gb_fa9304bc50e5da2e3217b71f6c11a248\" class=\"gwolle_gb_fa9304bc50e5da2e3217b71f6c11a248\" style=\"transform: translateY(10000px);\" \/>\n\t\t\t\t<\/div>\n\t\t\t\t<div class=\"clearBoth\"><\/div>\n\t\t\t<\/div><div class=\"gwolle_gb_content\">\n\t\t\t\t<div class=\"label\"><label for=\"gwolle_gb_content-1\" class=\"text-info\">G\u00e4stebucheintrag <span class=\"required\">*<\/span><\/label><\/div>\n\t\t\t\t<div class=\"input\"><textarea id=\"gwolle_gb_content-1\" name=\"gwolle_gb_content\" class=\"gwolle_gb_content wp-exclude-emoji\" required ><\/textarea><\/div>\n\t\t\t\t\t<div class=\"clearBoth\">&nbsp;<\/div>\n\t\t\t\t<\/div><input type=\"hidden\" class=\"gwolle_gb_b6810276764d58b3124ae136b47a7e81\" id=\"gwolle_gb_b6810276764d58b3124ae136b47a7e81-1\" name=\"gwolle_gb_b6810276764d58b3124ae136b47a7e81\" value=\"73f39d8f7c\" \/>\n\t\t\t<div class=\"gwolle-gb-messages-bottom-container\"><\/div>\n\n\t\t\t<noscript><div class=\"no-js\">Warnung: Dieses Formular kann nur verwendet werden, wenn in deinem Browser JavaScript aktiviert ist.<\/div><\/noscript>\n\n\t\t\t<div class=\"gwolle_gb_submit gwolle-gb-submit\">\n\t\t\t\t<div class=\"label gwolle-gb-invisible text-muted\">&nbsp;<\/div>\n\t\t\t\t<div class=\"input\">\n\t\t\t\t\t<input type=\"submit\" name=\"gwolle_gb_submit\" class=\"gwolle_gb_submit button btn btn-primary \" value=\"Absenden\" \/>\n\t\t\t\t\t<span class=\"gwolle_gb_submit_ajax_icon gwolle-gb-submit-ajax-icon\"><\/span>\n\t\t\t\n\t\t\t\t<\/div>\n\t\t\t\t<div class=\"clearBoth\">&nbsp;<\/div>\n\t\t\t<\/div>\n\n\t\t\t<div class=\"gwolle_gb_notice gwolle-gb-notice\">\n\t\t\t\t<br \/>\nMit * gekennzeichnete Felder sind erforderlich.<br \/>\nDeine E-Mail-Adresse wird nicht ver\u00f6ffentlicht.<br \/>\nEs ist m\u00f6glich, dass dein Eintrag im G\u00e4stebuch erst sichtbar ist, nachdem wir ihn \u00fcberpr\u00fcft haben.<br \/>\nWir behalten uns vor, Eintr\u00e4ge zu bearbeiten, zu l\u00f6schen oder nicht zu ver\u00f6ffentlichen.<br \/>\n\n\t\t\t<\/div><\/form><div class=\"gwolle-gb-read gwolle-gb-ajax gwolle-gb-entries-list\" data-book_id=\"1\">(Noch keine Eintr\u00e4ge)<\/div><\/div><\/p>\t\t\t\t\t\t\t\t<\/div>\n\t\t\t\t\t<\/div>\n\t\t<\/div>\n\t\t\t\t\t<\/div>\n\t\t<\/section>\n\t\t\t\t<\/div>\n\t\t","protected":false},"excerpt":{"rendered":"<p>G\u00e4stebuch Besucher und Fans des Vereins k\u00f6nnen hier mal was loswerden!<\/p>\n","protected":false},"author":1,"featured_media":0,"parent":0,"menu_order":0,"comment_status":"closed","ping_status":"closed","template":"","meta":{"_acf_changed":false,"footnotes":""},"class_list":["post-1006","page","type-page","status-publish","hentry"],"acf":[],"_links":{"self":[{"href":"https:\/\/sv-turm-kamp-lintfort.com\/index.php?rest_route=\/wp\/v2\/pages\/1006","targetHints":{"allow":["GET"]}}],"collection":[{"href":"https:\/\/sv-turm-kamp-lintfort.com\/index.php?rest_route=\/wp\/v2\/pages"}],"about":[{"href":"https:\/\/sv-turm-kamp-lintfort.com\/index.php?rest_route=\/wp\/v2\/types\/page"}],"author":[{"embeddable":true,"href":"https:\/\/sv-turm-kamp-lintfort.com\/index.php?rest_route=\/wp\/v2\/users\/1"}],"replies":[{"embeddable":true,"href":"https:\/\/sv-turm-kamp-lintfort.com\/index.php?rest_route=%2Fwp%2Fv2%2Fcomments&post=1006"}],"version-history":[{"count":0,"href":"https:\/\/sv-turm-kamp-lintfort.com\/index.php?rest_route=\/wp\/v2\/pages\/1006\/revisions"}],"wp:attachment":[{"href":"https:\/\/sv-turm-kamp-lintfort.com\/index.php?rest_route=%2Fwp%2Fv2%2Fmedia&parent=1006"}],"curies":[{"name":"wp","href":"https:\/\/api.w.org\/{rel}","templated":true}]}}